{"id":12150,"date":"2025-11-24T22:50:00","date_gmt":"2025-11-24T22:50:00","guid":{"rendered":"https:\/\/villikettir.is\/?post_type=product&#038;p=12150"},"modified":"2026-05-09T09:52:08","modified_gmt":"2026-05-09T09:52:08","slug":"endurskinsmerki-villikettir","status":"publish","type":"product","link":"https:\/\/villikettir.is\/en\/product\/endurskinsmerki-villikettir\/","title":{"rendered":"Endurskinsmerki &#8211; Villikettir"},"content":{"rendered":"<p>Endurskinsmerki me\u00f0 ke\u00f0ju &#8211; Villikattamerki\u00f0. 5 x 5 cm<\/p>\n<p>Framleitt skv. \u00edtrustu g\u00e6\u00f0akr\u00f6fum og me\u00f0 CE merkingu.<\/p>","protected":false},"excerpt":{"rendered":"<p>Endurskinsmerki me\u00f0 ke\u00f0ju &#8211; Villikattamerki\u00f0. 5 x 5 cm Framleitt skv. \u00edtrustu g\u00e6\u00f0akr\u00f6fum og me\u00f0 CE merkingu.<\/p>","protected":false},"featured_media":12153,"template":"single-product","meta":{"saved_in_kubio":false},"product_brand":[],"product_cat":[24],"product_tag":[],"class_list":{"0":"post-12150","1":"product","2":"type-product","3":"status-publish","4":"has-post-thumbnail","6":"product_cat-villikettir","8":"first","9":"instock","10":"taxable","11":"shipping-taxable","12":"purchasable","13":"product-type-simple"},"jetpack_sharing_enabled":true,"_links":{"self":[{"href":"https:\/\/villikettir.is\/en\/wp-json\/wp\/v2\/product\/12150","targetHints":{"allow":["GET"]}}],"collection":[{"href":"https:\/\/villikettir.is\/en\/wp-json\/wp\/v2\/product"}],"about":[{"href":"https:\/\/villikettir.is\/en\/wp-json\/wp\/v2\/types\/product"}],"wp:featuredmedia":[{"embeddable":true,"href":"https:\/\/villikettir.is\/en\/wp-json\/wp\/v2\/media\/12153"}],"wp:attachment":[{"href":"https:\/\/villikettir.is\/en\/wp-json\/wp\/v2\/media?parent=12150"}],"wp:term":[{"taxonomy":"product_brand","embeddable":true,"href":"https:\/\/villikettir.is\/en\/wp-json\/wp\/v2\/product_brand?post=12150"},{"taxonomy":"product_cat","embeddable":true,"href":"https:\/\/villikettir.is\/en\/wp-json\/wp\/v2\/product_cat?post=12150"},{"taxonomy":"product_tag","embeddable":true,"href":"https:\/\/villikettir.is\/en\/wp-json\/wp\/v2\/product_tag?post=12150"}],"curies":[{"name":"wp","href":"https:\/\/api.w.org\/{rel}","templated":true}]}}