{"id":12082,"date":"2025-11-13T09:24:54","date_gmt":"2025-11-13T09:24:54","guid":{"rendered":"https:\/\/villikettir.is\/?post_type=product&#038;p=12082"},"modified":"2026-04-19T12:27:51","modified_gmt":"2026-04-19T12:27:51","slug":"dagatal-villikatta-2026-til-minningar","status":"publish","type":"product","link":"https:\/\/villikettir.is\/en\/product\/dagatal-villikatta-2026-til-minningar\/","title":{"rendered":"Dagatal Villikatta 2026 &#8211; Til minningar"},"content":{"rendered":"<p>Dagatal Villikatta fyrir \u00e1ri\u00f0 2026 fjallar um \u00fe\u00e6r kisur sem hafa fari\u00f0 yfir \u00ed sumarlandi\u00f0 og skili\u00f0 st\u00f3rt skar\u00f0 eftir sig. Margar voru lengi \u00ed okkar umsj\u00e1 en a\u00f0rar voru stutt en me\u00f0 merkilega s\u00f6gu. Vi\u00f0 leggjum miki\u00f0 \u00e1 okkur til a\u00f0 tryggja a\u00f0 allar kisur f\u00e1i a\u00f0 upplifa \u00f6ryggi og heilbrigt l\u00edf, hvort sem \u00fea\u00f0 er inni e\u00f0a \u00fati, og eins erfitt og \u00fea\u00f0 getur veri\u00f0 \u00fe\u00e1 erum vi\u00f0 afskaplega \u00feakkl\u00e1t a\u00f0 f\u00e1 a\u00f0 fylgja \u00feeim sem fara fr\u00e1 okkur s\u00ed\u00f0asta sp\u00f6linn.<\/p>\n<p>A4 st\u00e6r\u00f0<\/p>\n<p>***<\/p>\n<p>The calendar for 2026 is based around those cats we have loved and lost. Some were in our care for years while others were only with us for a short time, but made a huge impact on our volunteers. We all strive to make sure that all cats can experience sercurity and a healthy life, either inside or outside, and as difficult as it can be when they cross the rainbow bridge, we are always so grateful for the time we got with them.<\/p>\n<p>Printed in A4<\/p>","protected":false},"excerpt":{"rendered":"<p>Dagatal 2026: Til minningar<\/p>\n<p>Calendar 2026: In memoriam<\/p>","protected":false},"featured_media":12086,"template":"","meta":{"saved_in_kubio":false},"product_brand":[],"product_cat":[24],"product_tag":[],"class_list":{"0":"post-12082","1":"product","2":"type-product","3":"status-publish","4":"has-post-thumbnail","6":"product_cat-villikettir","8":"first","9":"instock","10":"sale","11":"taxable","12":"shipping-taxable","13":"purchasable","14":"product-type-simple"},"jetpack_sharing_enabled":true,"_links":{"self":[{"href":"https:\/\/villikettir.is\/en\/wp-json\/wp\/v2\/product\/12082","targetHints":{"allow":["GET"]}}],"collection":[{"href":"https:\/\/villikettir.is\/en\/wp-json\/wp\/v2\/product"}],"about":[{"href":"https:\/\/villikettir.is\/en\/wp-json\/wp\/v2\/types\/product"}],"wp:featuredmedia":[{"embeddable":true,"href":"https:\/\/villikettir.is\/en\/wp-json\/wp\/v2\/media\/12086"}],"wp:attachment":[{"href":"https:\/\/villikettir.is\/en\/wp-json\/wp\/v2\/media?parent=12082"}],"wp:term":[{"taxonomy":"product_brand","embeddable":true,"href":"https:\/\/villikettir.is\/en\/wp-json\/wp\/v2\/product_brand?post=12082"},{"taxonomy":"product_cat","embeddable":true,"href":"https:\/\/villikettir.is\/en\/wp-json\/wp\/v2\/product_cat?post=12082"},{"taxonomy":"product_tag","embeddable":true,"href":"https:\/\/villikettir.is\/en\/wp-json\/wp\/v2\/product_tag?post=12082"}],"curies":[{"name":"wp","href":"https:\/\/api.w.org\/{rel}","templated":true}]}}