{"id":12044,"date":"2025-10-31T15:50:07","date_gmt":"2025-10-31T15:50:07","guid":{"rendered":"https:\/\/villikettir.is\/?post_type=product&#038;p=12044"},"modified":"2026-05-09T09:52:08","modified_gmt":"2026-05-09T09:52:08","slug":"villikattahufan","status":"publish","type":"product","link":"https:\/\/villikettir.is\/en\/product\/villikattahufan\/","title":{"rendered":"Villikettir hat"},"content":{"rendered":"<p>Tv\u00f6f\u00f6ld prj\u00f3nah\u00fafa me\u00f0 upp\u00e1broti, sv\u00f6rt, me\u00f0 \u00edsaumu\u00f0u l\u00f3g\u00f3i.<\/p>\n<p>M\u00e1 setja \u00ed \u00fevottav\u00e9l.<\/p>\n<p>100% akr\u00fdll.<\/p>","protected":false},"excerpt":{"rendered":"<p>Tv\u00f6f\u00f6ld prj\u00f3nah\u00fafa me\u00f0 upp\u00e1broti, sv\u00f6rt, me\u00f0 \u00edsaumu\u00f0u l\u00f3g\u00f3i. M\u00e1 setja \u00ed \u00fevottav\u00e9l. 100% akr\u00fdll.<\/p>","protected":false},"featured_media":12045,"template":"","meta":{"saved_in_kubio":false},"product_brand":[],"product_cat":[80],"product_tag":[],"class_list":{"0":"post-12044","1":"product","2":"type-product","3":"status-publish","4":"has-post-thumbnail","6":"product_cat-fatnadur","8":"first","9":"instock","10":"taxable","11":"shipping-taxable","12":"purchasable","13":"product-type-simple"},"jetpack_sharing_enabled":true,"_links":{"self":[{"href":"https:\/\/villikettir.is\/en\/wp-json\/wp\/v2\/product\/12044","targetHints":{"allow":["GET"]}}],"collection":[{"href":"https:\/\/villikettir.is\/en\/wp-json\/wp\/v2\/product"}],"about":[{"href":"https:\/\/villikettir.is\/en\/wp-json\/wp\/v2\/types\/product"}],"wp:featuredmedia":[{"embeddable":true,"href":"https:\/\/villikettir.is\/en\/wp-json\/wp\/v2\/media\/12045"}],"wp:attachment":[{"href":"https:\/\/villikettir.is\/en\/wp-json\/wp\/v2\/media?parent=12044"}],"wp:term":[{"taxonomy":"product_brand","embeddable":true,"href":"https:\/\/villikettir.is\/en\/wp-json\/wp\/v2\/product_brand?post=12044"},{"taxonomy":"product_cat","embeddable":true,"href":"https:\/\/villikettir.is\/en\/wp-json\/wp\/v2\/product_cat?post=12044"},{"taxonomy":"product_tag","embeddable":true,"href":"https:\/\/villikettir.is\/en\/wp-json\/wp\/v2\/product_tag?post=12044"}],"curies":[{"name":"wp","href":"https:\/\/api.w.org\/{rel}","templated":true}]}}