{"id":10038,"date":"2025-05-24T19:21:11","date_gmt":"2025-05-24T19:21:11","guid":{"rendered":"https:\/\/villikettir.is\/?post_type=product&#038;p=10038"},"modified":"2025-12-06T17:17:29","modified_gmt":"2025-12-06T17:17:29","slug":"gerast-felagi","status":"publish","type":"product","link":"https:\/\/villikettir.is\/en\/product\/gerast-felagi\/","title":{"rendered":"Become a member"},"content":{"rendered":"<p>Vilt \u00fe\u00fa hj\u00e1lpa okkur a\u00f0 hj\u00e1lpa fleiri villi- og vergangskisum sem \u00feurfa okkar a\u00f0sto\u00f0? Me\u00f0 \u00fev\u00ed a\u00f0 skr\u00e1 \u00feig \u00ed f\u00e9lag Villikatta og grei\u00f0a \u00e1rgjaldi\u00f0 okkar spilar \u00fe\u00fa mikilv\u00e6gt hlutverk \u00ed a\u00f0 halda okkar starfsemi gangandi.<\/p>\n<p>Skr\u00e1ningin er virk um lei\u00f0 og b\u00fai\u00f0 er a\u00f0 grei\u00f0a \u00e1rgjaldi\u00f0. \u00dea\u00f0 er h\u00e6gt a\u00f0 grei\u00f0a \u00e1rgjaldi\u00f0 hven\u00e6r sem er \u00e1rsins, en vi\u00f0 sendum einnig \u00fat grei\u00f0sluse\u00f0la til me\u00f0lima f\u00e9lagsins \u00ed upphafi hvers \u00e1rs.<\/p>\n<p>\u00c1rgj\u00f6ldin eru notu\u00f0 til a\u00f0 standa straum af kostna\u00f0i vi\u00f0 geldingar og \u00f3frj\u00f3semisa\u00f0ger\u00f0ir \u00e1 villtum og vergangsk\u00f6ttum, grei\u00f0a fyrir mikilv\u00e6ga l\u00e6knis\u00fej\u00f3nustu fyrir okkar skj\u00f3lst\u00e6\u00f0inga og fleira sem \u00fearf til a\u00f0 sinna kisum og kettlingum.<\/p>","protected":false},"excerpt":{"rendered":"<p>Vilt \u00fe\u00fa hj\u00e1lpa okkur a\u00f0 hj\u00e1lpa fleiri villi- og vergangskisum sem \u00feurfa okkar a\u00f0sto\u00f0? Me\u00f0 \u00fev\u00ed a\u00f0 skr\u00e1 \u00feig \u00ed f\u00e9lag Villikatta og grei\u00f0a \u00e1rgjaldi\u00f0 okkar spilar \u00fe\u00fa mikilv\u00e6gt hlutverk \u00ed a\u00f0 halda okkar starfsemi gangandi.<\/p>\n<p>Skr\u00e1ningin er virk um lei\u00f0 og b\u00fai\u00f0 er a\u00f0 grei\u00f0a \u00e1rgjaldi\u00f0. \u00dea\u00f0 er h\u00e6gt a\u00f0 grei\u00f0a \u00e1rgjaldi\u00f0 hven\u00e6r sem er \u00e1rsins, en vi\u00f0 sendum einnig \u00fat grei\u00f0sluse\u00f0la til me\u00f0lima f\u00e9lagsins \u00ed upphafi hvers \u00e1rs.<\/p>\n<p>\u00c1rgj\u00f6ldin eru notu\u00f0 til a\u00f0 standa straum af kostna\u00f0i vi\u00f0 geldingar og \u00f3frj\u00f3semisa\u00f0ger\u00f0ir \u00e1 villtum og vergangsk\u00f6ttum, grei\u00f0a fyrir mikilv\u00e6ga l\u00e6knis\u00fej\u00f3nustu fyrir okkar skj\u00f3lst\u00e6\u00f0inga og fleira sem \u00fearf til a\u00f0 sinna kisum og kettlingum.<\/p>","protected":false},"featured_media":220,"template":"","meta":{"saved_in_kubio":false},"product_brand":[],"product_cat":[24],"product_tag":[37,33],"class_list":{"0":"post-10038","1":"product","2":"type-product","3":"status-publish","4":"has-post-thumbnail","6":"product_cat-villikettir","7":"product_tag-argjald","8":"product_tag-styrkur","10":"first","11":"instock","12":"virtual","13":"sold-individually","14":"taxable","15":"purchasable","16":"product-type-simple"},"jetpack_sharing_enabled":true,"_links":{"self":[{"href":"https:\/\/villikettir.is\/en\/wp-json\/wp\/v2\/product\/10038","targetHints":{"allow":["GET"]}}],"collection":[{"href":"https:\/\/villikettir.is\/en\/wp-json\/wp\/v2\/product"}],"about":[{"href":"https:\/\/villikettir.is\/en\/wp-json\/wp\/v2\/types\/product"}],"wp:featuredmedia":[{"embeddable":true,"href":"https:\/\/villikettir.is\/en\/wp-json\/wp\/v2\/media\/220"}],"wp:attachment":[{"href":"https:\/\/villikettir.is\/en\/wp-json\/wp\/v2\/media?parent=10038"}],"wp:term":[{"taxonomy":"product_brand","embeddable":true,"href":"https:\/\/villikettir.is\/en\/wp-json\/wp\/v2\/product_brand?post=10038"},{"taxonomy":"product_cat","embeddable":true,"href":"https:\/\/villikettir.is\/en\/wp-json\/wp\/v2\/product_cat?post=10038"},{"taxonomy":"product_tag","embeddable":true,"href":"https:\/\/villikettir.is\/en\/wp-json\/wp\/v2\/product_tag?post=10038"}],"curies":[{"name":"wp","href":"https:\/\/api.w.org\/{rel}","templated":true}]}}